{"id":39,"date":"2013-03-27T19:59:28","date_gmt":"2013-03-27T18:59:28","guid":{"rendered":"http:\/\/wp.silberdekoration.de\/?page_id=39"},"modified":"2018-04-09T12:39:05","modified_gmt":"2018-04-09T11:39:05","slug":"kontakt","status":"publish","type":"page","link":"http:\/\/www.prinoth.de\/wp\/kontakt\/","title":{"rendered":"Kontakt"},"content":{"rendered":"<p>Besten Dank f\u00fcr Ihr Interesse an unseren Produkten! Wir w\u00fcrden uns freuen, Sie in unseren Gesch\u00e4ftsr\u00e4umen begr\u00fc\u00dfen zu d\u00fcrfen!<\/p>\n<p>Wenn Sie uns besuchen m\u00f6chten,\u00a0 bitten wir um vorheriger telefonischer Terminabsprache, vielen Dank.<\/p>\n<p>G\u00fcnther Prinoth Gr\u00f6dner Holzschnitzereien<br \/>\nGuido-Schneble-Str. 9a<br \/>\n80689 M\u00fcnchen Deutschland<\/p>\n<p><a title=\"Impressum\" href=\"http:\/\/wp.silberdekoration.de\/?page_id=191\">Anfahrt<\/a><\/p>\n<p>Tel. +49 89 56 03 78<br \/>\nTel. +49 89 54 64 45 14<br \/>\nFax +49 89 54 611 228<\/p>\n<p><a href=\"mailto:gprinoth@freenet.de\">gprinoth@arcor.de<\/a><\/p>\n<hr style=\"width: 100%;\" width=\"100%\" \/>\n<p>Kontaktformular:<\/p>\n<div role=\"form\" class=\"wpcf7\" id=\"wpcf7-f179-o1\" dir=\"ltr\">\n<div class=\"screen-reader-response\"><p role=\"status\" aria-live=\"polite\" aria-atomic=\"true\"><\/p> <ul><\/ul><\/div>\n<form action=\"\/wp\/wp-json\/wp\/v2\/pages\/39#wpcf7-f179-o1\" method=\"post\" class=\"wpcf7-form init\" novalidate=\"novalidate\" data-status=\"init\">\n<div style=\"display: none;\">\n<input type=\"hidden\" name=\"_wpcf7\" value=\"179\" \/>\n<input type=\"hidden\" name=\"_wpcf7_version\" value=\"5.5.6\" \/>\n<input type=\"hidden\" name=\"_wpcf7_locale\" value=\"\" \/>\n<input type=\"hidden\" name=\"_wpcf7_unit_tag\" value=\"wpcf7-f179-o1\" \/>\n<input type=\"hidden\" name=\"_wpcf7_container_post\" value=\"0\" \/>\n<input type=\"hidden\" name=\"_wpcf7_posted_data_hash\" value=\"\" \/>\n<\/div>\n<p>Ihr Name (Pflichtfeld)<br \/>\n    <span class=\"wpcf7-form-control-wrap your-name\"><input type=\"text\" name=\"your-name\" value=\"\" size=\"40\" class=\"wpcf7-form-control wpcf7-text wpcf7-validates-as-required\" aria-required=\"true\" aria-invalid=\"false\" \/><\/span> <\/p>\n<p>Ihre E-Mail-Adresse (Pflichtfeld)<br \/>\n    <span class=\"wpcf7-form-control-wrap your-email\"><input type=\"email\" name=\"your-email\" value=\"\" size=\"40\" class=\"wpcf7-form-control wpcf7-text wpcf7-email wpcf7-validates-as-required wpcf7-validates-as-email\" aria-required=\"true\" aria-invalid=\"false\" \/><\/span> <\/p>\n<p>Betreff<br \/>\n    <span class=\"wpcf7-form-control-wrap your-subject\"><input type=\"text\" name=\"your-subject\" value=\"\" size=\"40\" class=\"wpcf7-form-control wpcf7-text\" aria-invalid=\"false\" \/><\/span> <\/p>\n<p>Telefon<br \/>\n    <span class=\"wpcf7-form-control-wrap tel-936\"><input type=\"tel\" name=\"tel-936\" value=\"\" size=\"40\" class=\"wpcf7-form-control wpcf7-text wpcf7-tel wpcf7-validates-as-tel\" aria-invalid=\"false\" \/><\/span> <\/p>\n<p>Ihre Nachricht<br \/>\n    <span class=\"wpcf7-form-control-wrap your-message\"><textarea name=\"your-message\" cols=\"40\" rows=\"10\" class=\"wpcf7-form-control wpcf7-textarea\" aria-invalid=\"false\"><\/textarea><\/span> <\/p>\n<p>Captcha Code bitte eintragen: <input type=\"hidden\" name=\"_wpcf7_captcha_challenge_captcha-949\" value=\"1751923373\" \/><img class=\"wpcf7-form-control wpcf7-captchac wpcf7-captcha-captcha-949\" width=\"72\" height=\"24\" alt=\"captcha\" src=\"http:\/\/www.prinoth.de\/wp\/wp-content\/uploads\/wpcf7_captcha\/1751923373.png\" \/><br \/>\n<span class=\"wpcf7-form-control-wrap captcha-949\"><input type=\"text\" name=\"captcha-949\" value=\"\" size=\"40\" class=\"wpcf7-form-control wpcf7-captchar\" autocomplete=\"off\" aria-invalid=\"false\" \/><\/span><\/p>\n<p><input type=\"submit\" value=\"Senden\" class=\"wpcf7-form-control has-spinner wpcf7-submit\" \/><\/p>\n<div class=\"wpcf7-response-output\" aria-hidden=\"true\"><\/div><\/form><\/div>\n<hr style=\"width: 100%;\" width=\"100%\" \/>\n<p>&nbsp;<\/p>\n","protected":false},"excerpt":{"rendered":"<p>Besten Dank f\u00fcr Ihr Interesse an unseren Produkten! Wir w\u00fcrden uns freuen, Sie in unseren Gesch\u00e4ftsr\u00e4umen begr\u00fc\u00dfen zu d\u00fcrfen! Wenn Sie uns besuchen m\u00f6chten,\u00a0 bitten wir um vorheriger telefonischer Terminabsprache, vielen Dank. G\u00fcnther Prinoth Gr\u00f6dner Holzschnitzereien Guido-Schneble-Str. 9a 80689 M\u00fcnchen Deutschland Anfahrt Tel. +49 89 56 03 78 Tel. +49 89 54 64 45 14 [&hellip;]<\/p>\n","protected":false},"author":2,"featured_media":0,"parent":0,"menu_order":10,"comment_status":"closed","ping_status":"closed","template":"","meta":[],"yoast_head":"<!-- This site is optimized with the Yoast SEO plugin v18.3 - https:\/\/yoast.com\/wordpress\/plugins\/seo\/ -->\n<title>Kontakt - Gr\u00f6dner Holzschnitzereien<\/title>\n<meta name=\"robots\" content=\"index, follow, max-snippet:-1, max-image-preview:large, max-video-preview:-1\" \/>\n<link rel=\"canonical\" href=\"http:\/\/www.prinoth.de\/wp\/kontakt\/\" \/>\n<script type=\"application\/ld+json\" class=\"yoast-schema-graph\">{\"@context\":\"https:\/\/schema.org\",\"@graph\":[{\"@type\":\"WebSite\",\"@id\":\"http:\/\/www.prinoth.de\/wp\/#website\",\"url\":\"http:\/\/www.prinoth.de\/wp\/\",\"name\":\"Gr\u00f6dner Holzschnitzereien\",\"description\":\"Holzschnitzkunst in der IV. Generation\",\"potentialAction\":[{\"@type\":\"SearchAction\",\"target\":{\"@type\":\"EntryPoint\",\"urlTemplate\":\"http:\/\/www.prinoth.de\/wp\/?s={search_term_string}\"},\"query-input\":\"required name=search_term_string\"}],\"inLanguage\":\"de\"},{\"@type\":\"WebPage\",\"@id\":\"http:\/\/www.prinoth.de\/wp\/kontakt\/#webpage\",\"url\":\"http:\/\/www.prinoth.de\/wp\/kontakt\/\",\"name\":\"Kontakt - Gr\u00f6dner Holzschnitzereien\",\"isPartOf\":{\"@id\":\"http:\/\/www.prinoth.de\/wp\/#website\"},\"datePublished\":\"2013-03-27T18:59:28+00:00\",\"dateModified\":\"2018-04-09T11:39:05+00:00\",\"breadcrumb\":{\"@id\":\"http:\/\/www.prinoth.de\/wp\/kontakt\/#breadcrumb\"},\"inLanguage\":\"de\",\"potentialAction\":[{\"@type\":\"ReadAction\",\"target\":[\"http:\/\/www.prinoth.de\/wp\/kontakt\/\"]}]},{\"@type\":\"BreadcrumbList\",\"@id\":\"http:\/\/www.prinoth.de\/wp\/kontakt\/#breadcrumb\",\"itemListElement\":[{\"@type\":\"ListItem\",\"position\":1,\"name\":\"Kontakt\"}]}]}<\/script>\n<!-- \/ Yoast SEO plugin. -->","yoast_head_json":{"title":"Kontakt - Gr\u00f6dner Holzschnitzereien","robots":{"index":"index","follow":"follow","max-snippet":"max-snippet:-1","max-image-preview":"max-image-preview:large","max-video-preview":"max-video-preview:-1"},"canonical":"http:\/\/www.prinoth.de\/wp\/kontakt\/","schema":{"@context":"https:\/\/schema.org","@graph":[{"@type":"WebSite","@id":"http:\/\/www.prinoth.de\/wp\/#website","url":"http:\/\/www.prinoth.de\/wp\/","name":"Gr\u00f6dner Holzschnitzereien","description":"Holzschnitzkunst in der IV. Generation","potentialAction":[{"@type":"SearchAction","target":{"@type":"EntryPoint","urlTemplate":"http:\/\/www.prinoth.de\/wp\/?s={search_term_string}"},"query-input":"required name=search_term_string"}],"inLanguage":"de"},{"@type":"WebPage","@id":"http:\/\/www.prinoth.de\/wp\/kontakt\/#webpage","url":"http:\/\/www.prinoth.de\/wp\/kontakt\/","name":"Kontakt - Gr\u00f6dner Holzschnitzereien","isPartOf":{"@id":"http:\/\/www.prinoth.de\/wp\/#website"},"datePublished":"2013-03-27T18:59:28+00:00","dateModified":"2018-04-09T11:39:05+00:00","breadcrumb":{"@id":"http:\/\/www.prinoth.de\/wp\/kontakt\/#breadcrumb"},"inLanguage":"de","potentialAction":[{"@type":"ReadAction","target":["http:\/\/www.prinoth.de\/wp\/kontakt\/"]}]},{"@type":"BreadcrumbList","@id":"http:\/\/www.prinoth.de\/wp\/kontakt\/#breadcrumb","itemListElement":[{"@type":"ListItem","position":1,"name":"Kontakt"}]}]}},"_links":{"self":[{"href":"http:\/\/www.prinoth.de\/wp\/wp-json\/wp\/v2\/pages\/39"}],"collection":[{"href":"http:\/\/www.prinoth.de\/wp\/wp-json\/wp\/v2\/pages"}],"about":[{"href":"http:\/\/www.prinoth.de\/wp\/wp-json\/wp\/v2\/types\/page"}],"author":[{"embeddable":true,"href":"http:\/\/www.prinoth.de\/wp\/wp-json\/wp\/v2\/users\/2"}],"replies":[{"embeddable":true,"href":"http:\/\/www.prinoth.de\/wp\/wp-json\/wp\/v2\/comments?post=39"}],"version-history":[{"count":14,"href":"http:\/\/www.prinoth.de\/wp\/wp-json\/wp\/v2\/pages\/39\/revisions"}],"predecessor-version":[{"id":770,"href":"http:\/\/www.prinoth.de\/wp\/wp-json\/wp\/v2\/pages\/39\/revisions\/770"}],"wp:attachment":[{"href":"http:\/\/www.prinoth.de\/wp\/wp-json\/wp\/v2\/media?parent=39"}],"curies":[{"name":"wp","href":"https:\/\/api.w.org\/{rel}","templated":true}]}}